{"id":15285,"date":"2024-07-23T16:43:45","date_gmt":"2024-07-23T14:43:45","guid":{"rendered":"https:\/\/www.thehillsstockholm.se\/en\/?page_id=15285"},"modified":"2026-05-16T14:54:59","modified_gmt":"2026-05-16T12:54:59","slug":"menu","status":"publish","type":"page","link":"https:\/\/www.thehillsstockholm.se\/en\/menu\/","title":{"rendered":"Menu"},"content":{"rendered":"\n\n\t\t\t\t\t\t\t\t\t<h1>Our menu<\/h1>\n\t\t\t\t\t\t<p>The Hills is a Swedish-Parisian bistro where we bring together the best of Swedish and French gastronomy. Our menu features simple dishes we love, carefully prepared with quality ingredients and perfectly balanced flavors.<\/p>\t\t\t\t\t\n\t\t\t\t\t\t\t\t\t\t\t\t\t\t\t\t\t\t<ul>\n\t\t\t\t\t\t\t\t\t\t\t\t\t\t\t\t\t\t\t\t\t\t\t\t\t\t\t\t\t\t\t\t\t\t<li>\n\t\t\t\t\t\t\t\t<a href=\"https:\/\/app.bokabord.se\/reservation\/?hash=3eb5eac69e1cc90035504578935d36c0&amp;version=new\" target=\"_blank\">Book a table<\/a>\n\t\t\t\t\t\t\t<\/li>\n\t\t\t\t\t\t\t\t\t\t\t<\/ul>\n\t\t\t\t\t<section id=\"restaurant-menu--0\">\n\t\t\t\t<h2>LUNCH<\/h2>\n\t\t\t\t<ul>\n\t\t\t\t\t\t\t\t\t\t\t\t\t\t\t\t\t<li>\n\t\t\t\t\t\t\t\t\t\tMay 16<br \/>\nThe lunch menu is updated daily at 10:30 AM.\n\t\t\t\t\t\t\t\t\t\t\t\t\t\t\t<\/li>\n\t\t\t\t\t\t\t\t\t\t\t\t\t\t\t\t\t<li>\n\t\t\t\t\t\t\t\t\t\t<p>STARTERS<\/p>\n\t\t\t\t\t\t\t\t\t\t\t\t\t\t\t<\/li>\n\t\t\t\t\t\t\t\t\t\t\t\t\t\t\t\t\t<li>\n\t\t\t\t\t\t\t\t\t\t<p>Oysters<\/p>\n\t\t\t\t\t\t\t\t\t6pcs 145\/12pcs 265\n\t\t\t\t\t\t\t\t\t\t\t\t\t\t\t<\/li>\n\t\t\t\t\t\t\t\t\t\t\t\t\t\t\t\t\t<li>\n\t\t\t\t\t\t\t\t\t\tMatjes herring, browned butter, egg, potatoes, smetana\n\n\t\t\t\t\t\t\t\t\t155\n\t\t\t\t\t\t\t\t\t\t\t\t\t\t\t<\/li>\n\t\t\t\t\t\t\t\t\t\t\t\t\t\t\t\t\t<li>\n\t\t\t\t\t\t\t\t\t\t<p>Boquerones, levain<\/p>\n\t\t\t\t\t\t\t\t\t95\n\t\t\t\t\t\t\t\t\t\t\t\t\t\t\t<\/li>\n\t\t\t\t\t\t\t\t\t\t\t\t\t\t\t\t\t<li>\n\t\t\t\t\t\t\t\t\t\t<p>Sturgeon caviar 15 g, smetana, gherkin, honey<\/p>\n\t\t\t\t\t\t\t\t\t395\n\t\t\t\t\t\t\t\t\t\t\t\t\t\t\t<\/li>\n\t\t\t\t\t\t\t\t\t\t\t\t\t\t\t\t\t<li>\n\t\t\t\t\t\t\t\t\t\t<p>Pat\u00e9 de Campagne, pistachio, cornichons, mustard<\/p>\n\t\t\t\t\t\t\t\t\t165\n\t\t\t\t\t\t\t\t\t\t\t\t\t\t\t<\/li>\n\t\t\t\t\t\t\t\t\t\t\t\t\t\t\t\t\t<li>\n\t\t\t\t\t\t\t\t\t\t<p>Steak Tartare<\/p>\n\t\t\t\t\t\t\t\t\t185\n\t\t\t\t\t\t\t\t\t\t\t\t\t\t\t<\/li>\n\t\t\t\t\t\t\t\t\t\t\t\t\t\t\t\t\t<li>\n\t\t\t\t\t\t\t\t\t\t\t<img decoding=\"async\" width=\"95\" height=\"88\" src=\"https:\/\/www.thehillsstockholm.se\/en\/wp-content\/uploads\/sites\/4\/2026\/02\/pig-left-1.svg\" alt=\"\" \/>\t\t\t\t\t\t\t\t\t\t\n\t\t\t\t\t\t\t\t\t\t\t\t\t\t\t\t\t\t\t\t\t\t\t\t<\/li>\n\t\t\t\t\t\t\t\t\t\t\t\t\t\t\t\t\t<li>\n\t\t\t\t\t\t\t\t\t\t<p>MAIN COURSES<\/p>\n\t\t\t\t\t\t\t\t\t\t\t\t\t\t\t<\/li>\n\t\t\t\t\t\t\t\t\t\t\t\t\t\t\t\t\t<li>\n\t\t\t\t\t\t\t\t\t\t<p>Ch\u00e8vre chaud, beets, apple, nuts, seeds<\/p>\n\t\t\t\t\t\t\t\t\t215\n\t\t\t\t\t\t\t\t\t\t\t\t\t\t\t<\/li>\n\t\t\t\t\t\t\t\t\t\t\t\t\t\t\t\t\t<li>\n\t\t\t\t\t\t\t\t\t\t<p>Omelette with cheese and ham, salad, french fries<\/p>\n\t\t\t\t\t\t\t\t\t185\n\t\t\t\t\t\t\t\t\t\t\t\t\t\t\t<\/li>\n\t\t\t\t\t\t\t\t\t\t\t\t\t\t\t\t\t<li>\n\t\t\t\t\t\t\t\t\t\t<p>Matjes herring, browned butter, egg, smetana, potatoes<\/p>\n\t\t\t\t\t\t\t\t\t225\n\t\t\t\t\t\t\t\t\t\t\t\t\t\t\t<\/li>\n\t\t\t\t\t\t\t\t\t\t\t\t\t\t\t\t\t<li>\n\t\t\t\t\t\t\t\t\t\t<p>Smoked salmon, rye bread, pickled vegetables, egg, dillcream<\/p>\n\t\t\t\t\t\t\t\t\t215\n\t\t\t\t\t\t\t\t\t\t\t\t\t\t\t<\/li>\n\t\t\t\t\t\t\t\t\t\t\t\t\t\t\t\t\t<li>\n\t\t\t\t\t\t\t\t\t\tReuben Sandwich, brisket, sauerkraut, pickled cucumber, french fries\n\n\t\t\t\t\t\t\t\t\t225\n\t\t\t\t\t\t\t\t\t\t\t\t\t\t\t<\/li>\n\t\t\t\t\t\t\t\t\t\t\t\t\t\t\t\t\t<li>\n\t\t\t\t\t\t\t\t\t\t<p>Steak Tartare<\/p>\n\t\t\t\t\t\t\t\t\t285\n\t\t\t\t\t\t\t\t\t\t\t\t\t\t\t<\/li>\n\t\t\t\t\t\t\t\t\t\t\t\t\t\t\t\t\t<li>\n\t\t\t\t\t\t\t\t\t\t<p>Steak frites, Caf\u00e9 de Paris, haricots verts<\/p>\n\t\t\t\t\t\t\t\t\t345\n\t\t\t\t\t\t\t\t\t\t\t\t\t\t\t<\/li>\n\t\t\t\t\t\t\t\t\t\t\t\t\t\t\t\t\t<li>\n\t\t\t\t\t\t\t\t\t\t<p>DESSERTS<\/p>\n\t\t\t\t\t\t\t\t\t\t\t\t\t\t\t<\/li>\n\t\t\t\t\t\t\t\t\t\t\t\t\t\t\t\t\t<li>\n\t\t\t\t\t\t\t\t\t\t<p>Cr\u00e8me Br\u00fbl\u00e9e<\/p>\n\t\t\t\t\t\t\t\t\t95\n\t\t\t\t\t\t\t\t\t\t\t\t\t\t\t<\/li>\n\t\t\t\t\t\t\t\t\t\t\t\t\t\t\t\t\t<li>\n\t\t\t\t\t\t\t\t\t\t<p>Chocolate truffle<\/p>\n\t\t\t\t\t\t\t\t\t45\n\t\t\t\t\t\t\t\t\t\t\t\t\t\t\t<\/li>\n\t\t\t\t\t\t\t\t\t\t\t\t\t\t\t\t\t<li>\n\t\t\t\t\t\t\t\t\t\t<p>Vanilla ice cream<\/p>\n\t\t\t\t\t\t\t\t\t45\n\t\t\t\t\t\t\t\t\t\t\t\t\t\t\t<\/li>\n\t\t\t\t\t\t\t\t\t\t\t\t\t\t\t\t\t<li>\n\t\t\t\t\t\t\t\t\t\t<p>Pistachio ice cream<\/p>\n\t\t\t\t\t\t\t\t\t65\n\t\t\t\t\t\t\t\t\t\t\t\t\t\t\t<\/li>\n\t\t\t\t\t\t\t\t\t\t\t\t\t\t\t\t\t<li>\n\t\t\t\t\t\t\t\t\t\t<p>Peach sorbet<\/p>\n\t\t\t\t\t\t\t\t\t45\n\t\t\t\t\t\t\t\t\t\t\t\t\t\t\t<\/li>\n\t\t\t\t\t\t\t\t\t\t\t\t\t\t\t\t\t<li>\n\t\t\t\t\t\t\t\t\t\t<p>Rum raisin ice cream<\/p>\n\t\t\t\t\t\t\t\t\t65\n\t\t\t\t\t\t\t\t\t\t\t\t\t\t\t<\/li>\n\t\t\t\t\t\t\t\t\t\t\t\t\t\t\t\t\t<li>\n\t\t\t\t\t\t\t\t\t\t<p>Rhubarb pie, vanilla ice cream, strawberries<\/p>\n\t\t\t\t\t\t\t\t\t125\n\t\t\t\t\t\t\t\t\t\t\t\t\t\t\t<\/li>\n\t\t\t\t\t\t\t\t\t\t\t\t\t\t\t\t\t<li>\n\t\t\t\t\t\t\t\t\t\t\t\t\t\t\t\t<h2>\n\t\t\t\t\t\t\t\t\t\t* featured wines *\t\t\t\t\t\t\t\t\t<\/h2>\n\t\t\t\t\t\t\t\t\t\t\t\t\t\t\t<\/li>\n\t\t\t\t\t\t\t\t\t\t\t\t\t\t\t\t\t<li>\n\t\t\t\t\t\t\t\t\t\t<p>2021 Delas Crozes-Hermitage Les Launes, FRA<\/p>\n\t\t\t\t\t\t\t\t\t795\n\t\t\t\t\t\t\t\t\t\t\t\t\t\t\t<\/li>\n\t\t\t\t\t\t\t\t\t<\/ul>\n\t\t\t\t\t\t\t<\/section>\n\t\t\t\t\t<section id=\"restaurant-menu--1\">\n\t\t\t\t<h2>DINNER<\/h2>\n\t\t\t\t<ul>\n\t\t\t\t\t\t\t\t\t\t\t\t\t\t\t\t\t<li>\n\t\t\t\t\t\t\t\t\t\tMay 16<br \/>\nThe dinner menu is updated daily at 16:00 AM.\n\t\t\t\t\t\t\t\t\t\t\t\t\t\t\t<\/li>\n\t\t\t\t\t\t\t\t\t\t\t\t\t\t\t\t\t<li>\n\t\t\t\t\t\t\t\t\t\t<p>SNACKS<\/p>\n\t\t\t\t\t\t\t\t\t\t\t\t\t\t\t<\/li>\n\t\t\t\t\t\t\t\t\t\t\t\t\t\t\t\t\t<li>\n\t\t\t\t\t\t\t\t\t\t<p>Almonds<\/p>\n\t\t\t\t\t\t\t\t\t65\n\t\t\t\t\t\t\t\t\t\t\t\t\t\t\t<\/li>\n\t\t\t\t\t\t\t\t\t\t\t\t\t\t\t\t\t<li>\n\t\t\t\t\t\t\t\t\t\t<p>Olives<\/p>\n\t\t\t\t\t\t\t\t\t65\n\t\t\t\t\t\t\t\t\t\t\t\t\t\t\t<\/li>\n\t\t\t\t\t\t\t\t\t\t\t\t\t\t\t\t\t<li>\n\t\t\t\t\t\t\t\t\t\t<p>Potato chips<\/p>\n\t\t\t\t\t\t\t\t\t45\n\t\t\t\t\t\t\t\t\t\t\t\t\t\t\t<\/li>\n\t\t\t\t\t\t\t\t\t\t\t\t\t\t\t\t\t<li>\n\t\t\t\t\t\t\t\t\t\t<p>Gherkin, smetana, honey<\/p>\n\t\t\t\t\t\t\t\t\t75\n\t\t\t\t\t\t\t\t\t\t\t\t\t\t\t<\/li>\n\t\t\t\t\t\t\t\t\t\t\t\t\t\t\t\t\t<li>\n\t\t\t\t\t\t\t\t\t\t<p>Hummus, pickles<\/p>\n\t\t\t\t\t\t\t\t\t85\n\t\t\t\t\t\t\t\t\t\t\t\t\t\t\t<\/li>\n\t\t\t\t\t\t\t\t\t\t\t\t\t\t\t\t\t<li>\n\t\t\t\t\t\t\t\t\t\t\t<img decoding=\"async\" width=\"81\" height=\"128\" src=\"https:\/\/www.thehillsstockholm.se\/en\/wp-content\/uploads\/sites\/4\/2026\/02\/beets-1.svg\" alt=\"\" \/>\t\t\t\t\t\t\t\t\t\t\n\t\t\t\t\t\t\t\t\t\t\t\t\t\t\t\t\t\t\t\t\t\t\t\t<\/li>\n\t\t\t\t\t\t\t\t\t\t\t\t\t\t\t\t\t<li>\n\t\t\t\t\t\t\t\t\t\t<p>STARTERS<\/p>\n\t\t\t\t\t\t\t\t\t\t\t\t\t\t\t<\/li>\n\t\t\t\t\t\t\t\t\t\t\t\t\t\t\t\t\t<li>\n\t\t\t\t\t\t\t\t\t\t<p>Oysters<\/p>\n\t\t\t\t\t\t\t\t\t6pcs 145\/ 12pcs 265\n\t\t\t\t\t\t\t\t\t\t\t\t\t\t\t<\/li>\n\t\t\t\t\t\t\t\t\t\t\t\t\t\t\t\t\t<li>\n\t\t\t\t\t\t\t\t\t\t<p>Matjes herring, browned butter, egg, potatoes, smetana<\/p>\n\t\t\t\t\t\t\t\t\t155\n\t\t\t\t\t\t\t\t\t\t\t\t\t\t\t<\/li>\n\t\t\t\t\t\t\t\t\t\t\t\t\t\t\t\t\t<li>\n\t\t\t\t\t\t\t\t\t\t<p>Boquerones, levain<\/p>\n\t\t\t\t\t\t\t\t\t95\n\t\t\t\t\t\t\t\t\t\t\t\t\t\t\t<\/li>\n\t\t\t\t\t\t\t\t\t\t\t\t\t\t\t\t\t<li>\n\t\t\t\t\t\t\t\t\t\t<p>Kalix vendace roe, sour cream, red onion, potato cake<\/p>\n\t\t\t\t\t\t\t\t\t195\n\t\t\t\t\t\t\t\t\t\t\t\t\t\t\t<\/li>\n\t\t\t\t\t\t\t\t\t\t\t\t\t\t\t\t\t<li>\n\t\t\t\t\t\t\t\t\t\t<p>Sturgeon caviar 15 g, smetana, gherkin, honey<\/p>\n\t\t\t\t\t\t\t\t\t395\n\t\t\t\t\t\t\t\t\t\t\t\t\t\t\t<\/li>\n\t\t\t\t\t\t\t\t\t\t\t\t\t\t\t\t\t<li>\n\t\t\t\t\t\t\t\t\t\t<p>Escargots in garlic butter, grilled bread<\/p>\n\t\t\t\t\t\t\t\t\t165\n\t\t\t\t\t\t\t\t\t\t\t\t\t\t\t<\/li>\n\t\t\t\t\t\t\t\t\t\t\t\t\t\t\t\t\t<li>\n\t\t\t\t\t\t\t\t\t\t<p>Charcuterie plate, olives, chornichons<\/p>\n\t\t\t\t\t\t\t\t\t165\n\t\t\t\t\t\t\t\t\t\t\t\t\t\t\t<\/li>\n\t\t\t\t\t\t\t\t\t\t\t\t\t\t\t\t\t<li>\n\t\t\t\t\t\t\t\t\t\t<p>Pat\u00e9 de Campagne, pistachio, cornichons, mustard<\/p>\n\t\t\t\t\t\t\t\t\t165\n\t\t\t\t\t\t\t\t\t\t\t\t\t\t\t<\/li>\n\t\t\t\t\t\t\t\t\t\t\t\t\t\t\t\t\t<li>\n\t\t\t\t\t\t\t\t\t\t<p>Steak Tartare<\/p>\n\t\t\t\t\t\t\t\t\t185\n\t\t\t\t\t\t\t\t\t\t\t\t\t\t\t<\/li>\n\t\t\t\t\t\t\t\t\t\t\t\t\t\t\t\t\t<li>\n\t\t\t\t\t\t\t\t\t\t<p>MAIN COURSES<\/p>\n\t\t\t\t\t\t\t\t\t\t\t\t\t\t\t<\/li>\n\t\t\t\t\t\t\t\t\t\t\t\t\t\t\t\t\t<li>\n\t\t\t\t\t\t\t\t\t\t<p>Ch\u00e8vre chaud, beets, apple, walnuts, honey<\/p>\n\t\t\t\t\t\t\t\t\t215\n\t\t\t\t\t\t\t\t\t\t\t\t\t\t\t<\/li>\n\t\t\t\t\t\t\t\t\t\t\t\t\t\t\t\t\t<li>\n\t\t\t\t\t\t\t\t\t\t<p>Matjes herring, browned butter, egg, potatoes, smetana<\/p>\n\t\t\t\t\t\t\t\t\t225\n\t\t\t\t\t\t\t\t\t\t\t\t\t\t\t<\/li>\n\t\t\t\t\t\t\t\t\t\t\t\t\t\t\t\t\t<li>\n\t\t\t\t\t\t\t\t\t\t<p>Salad Landaise, confit duck, lardons, egg, Puy lentils, grilled green asparagus, croutons<\/p>\n\t\t\t\t\t\t\t\t\t265\n\t\t\t\t\t\t\t\t\t\t\t\t\t\t\t<\/li>\n\t\t\t\t\t\t\t\t\t\t\t\t\t\t\t\t\t<li>\n\t\t\t\t\t\t\t\t\t\t<p>Arctic char, white cabbage, fennel and white asparagus crudit\u00e9, wild garlic and asparagus velout\u00e9, boiled potatoes<\/p>\n\t\t\t\t\t\t\t\t\t315\n\t\t\t\t\t\t\t\t\t\t\t\t\t\t\t<\/li>\n\t\t\t\t\t\t\t\t\t\t\t\t\t\t\t\t\t<li>\n\t\t\t\t\t\t\t\t\t\t<p>Grilled pluma, haricots verts, sauce au poivre, french fries<\/p>\n\t\t\t\t\t\t\t\t\t285\n\t\t\t\t\t\t\t\t\t\t\t\t\t\t\t<\/li>\n\t\t\t\t\t\t\t\t\t\t\t\t\t\t\t\t\t<li>\n\t\t\t\t\t\t\t\t\t\t<p>Steak Tartare, salad, french fries<\/p>\n\t\t\t\t\t\t\t\t\t285\n\t\t\t\t\t\t\t\t\t\t\t\t\t\t\t<\/li>\n\t\t\t\t\t\t\t\t\t\t\t\t\t\t\t\t\t<li>\n\t\t\t\t\t\t\t\t\t\tSteak frites, Caf\u00e9 de Paris, haricots verts\n\n\t\t\t\t\t\t\t\t\t345\n\t\t\t\t\t\t\t\t\t\t\t\t\t\t\t<\/li>\n\t\t\t\t\t\t\t\t\t\t\t\t\t\t\t\t\t<li>\n\t\t\t\t\t\t\t\t\t\t\t<img decoding=\"async\" width=\"1000\" height=\"1000\" src=\"https:\/\/www.thehillsstockholm.se\/en\/wp-content\/uploads\/sites\/4\/2026\/03\/the-hills-illustration.png\" alt=\"\" \/>\t\t\t\t\t\t\t\t\t\t\n\t\t\t\t\t\t\t\t\t\t\t\t\t\t\t\t\t\t\t\t\t\t\t\t<\/li>\n\t\t\t\t\t\t\t\t\t\t\t\t\t\t\t\t\t<li>\n\t\t\t\t\t\t\t\t\t\t<p>DESSERTS<\/p>\n\t\t\t\t\t\t\t\t\t\t\t\t\t\t\t<\/li>\n\t\t\t\t\t\t\t\t\t\t\t\t\t\t\t\t\t<li>\n\t\t\t\t\t\t\t\t\t\t<p>Cr\u00e8me Br\u00fbl\u00e9e<\/p>\n\t\t\t\t\t\t\t\t\t95\n\t\t\t\t\t\t\t\t\t\t\t\t\t\t\t<\/li>\n\t\t\t\t\t\t\t\t\t\t\t\t\t\t\t\t\t<li>\n\t\t\t\t\t\t\t\t\t\t<p>Chocolate truffle<\/p>\n\t\t\t\t\t\t\t\t\t45\n\t\t\t\t\t\t\t\t\t\t\t\t\t\t\t<\/li>\n\t\t\t\t\t\t\t\t\t\t\t\t\t\t\t\t\t<li>\n\t\t\t\t\t\t\t\t\t\t<p>Vanilla ice cream<\/p>\n\t\t\t\t\t\t\t\t\t45\n\t\t\t\t\t\t\t\t\t\t\t\t\t\t\t<\/li>\n\t\t\t\t\t\t\t\t\t\t\t\t\t\t\t\t\t<li>\n\t\t\t\t\t\t\t\t\t\t<p>Pistachio ice cream<\/p>\n\t\t\t\t\t\t\t\t\t65\n\t\t\t\t\t\t\t\t\t\t\t\t\t\t\t<\/li>\n\t\t\t\t\t\t\t\t\t\t\t\t\t\t\t\t\t<li>\n\t\t\t\t\t\t\t\t\t\t<p>Peach ice cream<\/p>\n\t\t\t\t\t\t\t\t\t45\n\t\t\t\t\t\t\t\t\t\t\t\t\t\t\t<\/li>\n\t\t\t\t\t\t\t\t\t\t\t\t\t\t\t\t\t<li>\n\t\t\t\t\t\t\t\t\t\t<p>Rum raisin ice cream<\/p>\n\t\t\t\t\t\t\t\t\t65\n\t\t\t\t\t\t\t\t\t\t\t\t\t\t\t<\/li>\n\t\t\t\t\t\t\t\t\t\t\t\t\t\t\t\t\t<li>\n\t\t\t\t\t\t\t\t\t\t<p>Rhubarb pie, fresh strawberries, vanilla ice cream<\/p>\n\t\t\t\t\t\t\t\t\t125\n\t\t\t\t\t\t\t\t\t\t\t\t\t\t\t<\/li>\n\t\t\t\t\t\t\t\t\t<\/ul>\n\t\t\t\t\t\t\t<\/section>\n\t\t\t\t\t\t\n\t\t\t\t\t\t\t\t\t\n\t\t\t\t\t\n\t\t\t\t\t\n\t\t\t\t\t<img decoding=\"async\" src=\"https:\/\/www.thehillsstockholm.se\/en\/wp-content\/uploads\/sites\/4\/2026\/02\/image.png\" alt=\"\" title=\"image\" \/>\n\t\t\t\t\t\t\t\n\t\t\t\t\t\t\t\t<h2>Wine list<\/h2>\n\t\t\t\t<p>Our wine cellar offers a wide selection of fine vintages from classic vineyards around the world. Our sommeliers are happy to help you find the perfect wine to complement your meal.<\/p>\t\t\t\n\t\t\t\t\t\t\t<ul>\n\t\t\t\t\t\t\t\t\t<li><a target=\"_blank\" rel=\"nofollow\" href=\"https:\/\/www.thehillsstockholm.se\/wp-content\/uploads\/2026\/04\/Vinlista-web.pdf\">See our wine list<\/a><\/li>\n\t\t\t\t\t\t\t<\/ul>\n\t\t\t\t\t\t\n\t\t\t\t\t\t\t\t\t\n\t\t\t\t\t\n\t\t\t\t\t\n\t\t\t\t\t<img decoding=\"async\" src=\"https:\/\/www.thehillsstockholm.se\/en\/wp-content\/uploads\/sites\/4\/2026\/01\/6065ce528c68298c0c1c0cfd05bb07f6d16b5da6-683x1024.jpg\" alt=\"\" title=\"6065ce528c68298c0c1c0cfd05bb07f6d16b5da6\" \/>\n\t\t\t\t\t\t\t\n\t\t\t\t\t\t\t\t<h2>Cocktail list<\/h2>\n\t\t\t\t<p>Our drinks menu features both our own signature cocktails and classic, timeless drinks.<\/p>\t\t\t\n\t\t\t\t\t\t\t<ul>\n\t\t\t\t\t\t\t\t\t<li><a target=\"_self\" href=\"https:\/\/www.thehillsstockholm.se\/wp-content\/uploads\/2026\/04\/Drinklista-web.pdf\">See our cocktail list<\/a><\/li>\n\t\t\t\t\t\t\t<\/ul>\n\n","protected":false},"excerpt":{"rendered":"<p>Our menu The Hills is a Swedish-Parisian bistro where we bring together the best of Swedish and French gastronomy. Our menu features simple dishes we love, carefully prepared with quality ingredients and perfectly balanced flavors. Book a table LUNCH May 16 The lunch menu is updated daily at 10:30 AM. STARTERS Oysters 6pcs 145\/12pcs 265 [&hellip;]<\/p>\n","protected":false},"author":2,"featured_media":0,"parent":0,"menu_order":0,"comment_status":"closed","ping_status":"closed","template":"","meta":{"_acf_changed":false,"footnotes":""},"class_list":["post-15285","page","type-page","status-publish","hentry"],"acf":[],"yoast_head":"<!-- This site is optimized with the Yoast SEO plugin v27.4 - https:\/\/yoast.com\/product\/yoast-seo-wordpress\/ -->\n<title>Our menu - The Hills<\/title>\n<meta name=\"description\" content=\"The Hills is a Swedish-Parisian bistro where we bring together the best of Swedish and French gastronomy. Welcome!\" \/>\n<meta name=\"robots\" content=\"index, follow, max-snippet:-1, max-image-preview:large, max-video-preview:-1\" \/>\n<link rel=\"canonical\" href=\"https:\/\/www.thehillsstockholm.se\/en\/menu\/\" \/>\n<meta property=\"og:locale\" content=\"en_US\" \/>\n<meta property=\"og:type\" content=\"article\" \/>\n<meta property=\"og:title\" content=\"Our menu - The Hills\" \/>\n<meta property=\"og:description\" content=\"The Hills is a Swedish-Parisian bistro where we bring together the best of Swedish and French gastronomy. Welcome!\" \/>\n<meta property=\"og:url\" content=\"https:\/\/www.thehillsstockholm.se\/en\/menu\/\" \/>\n<meta property=\"og:site_name\" content=\"The Hills EN\" \/>\n<meta property=\"article:modified_time\" content=\"2026-05-16T12:54:59+00:00\" \/>\n<meta property=\"og:image\" content=\"https:\/\/www.thehillsstockholm.se\/en\/wp-content\/uploads\/sites\/4\/2026\/02\/pig-left-1.svg\" \/>\n<meta name=\"twitter:card\" content=\"summary_large_image\" \/>\n<meta name=\"twitter:label1\" content=\"Est. reading time\" \/>\n\t<meta name=\"twitter:data1\" content=\"3 minutes\" \/>\n<script type=\"application\/ld+json\" class=\"yoast-schema-graph\">{\"@context\":\"https:\\\/\\\/schema.org\",\"@graph\":[{\"@type\":\"WebPage\",\"@id\":\"https:\\\/\\\/www.thehillsstockholm.se\\\/en\\\/menu\\\/\",\"url\":\"https:\\\/\\\/www.thehillsstockholm.se\\\/en\\\/menu\\\/\",\"name\":\"Our menu - The Hills\",\"isPartOf\":{\"@id\":\"https:\\\/\\\/www.thehillsstockholm.se\\\/en\\\/#website\"},\"primaryImageOfPage\":{\"@id\":\"https:\\\/\\\/www.thehillsstockholm.se\\\/en\\\/menu\\\/#primaryimage\"},\"image\":{\"@id\":\"https:\\\/\\\/www.thehillsstockholm.se\\\/en\\\/menu\\\/#primaryimage\"},\"thumbnailUrl\":\"https:\\\/\\\/www.thehillsstockholm.se\\\/en\\\/wp-content\\\/uploads\\\/sites\\\/4\\\/2026\\\/02\\\/pig-left-1.svg\",\"datePublished\":\"2024-07-23T14:43:45+00:00\",\"dateModified\":\"2026-05-16T12:54:59+00:00\",\"description\":\"The Hills is a Swedish-Parisian bistro where we bring together the best of Swedish and French gastronomy. Welcome!\",\"breadcrumb\":{\"@id\":\"https:\\\/\\\/www.thehillsstockholm.se\\\/en\\\/menu\\\/#breadcrumb\"},\"inLanguage\":\"en-US\",\"potentialAction\":[{\"@type\":\"ReadAction\",\"target\":[\"https:\\\/\\\/www.thehillsstockholm.se\\\/en\\\/menu\\\/\"]}]},{\"@type\":\"ImageObject\",\"inLanguage\":\"en-US\",\"@id\":\"https:\\\/\\\/www.thehillsstockholm.se\\\/en\\\/menu\\\/#primaryimage\",\"url\":\"https:\\\/\\\/www.thehillsstockholm.se\\\/en\\\/wp-content\\\/uploads\\\/sites\\\/4\\\/2026\\\/02\\\/pig-left-1.svg\",\"contentUrl\":\"https:\\\/\\\/www.thehillsstockholm.se\\\/en\\\/wp-content\\\/uploads\\\/sites\\\/4\\\/2026\\\/02\\\/pig-left-1.svg\",\"width\":95,\"height\":88},{\"@type\":\"BreadcrumbList\",\"@id\":\"https:\\\/\\\/www.thehillsstockholm.se\\\/en\\\/menu\\\/#breadcrumb\",\"itemListElement\":[{\"@type\":\"ListItem\",\"position\":1,\"name\":\"Hem\",\"item\":\"https:\\\/\\\/www.thehillsstockholm.se\\\/en\\\/\"},{\"@type\":\"ListItem\",\"position\":2,\"name\":\"Menu\"}]},{\"@type\":\"WebSite\",\"@id\":\"https:\\\/\\\/www.thehillsstockholm.se\\\/en\\\/#website\",\"url\":\"https:\\\/\\\/www.thehillsstockholm.se\\\/en\\\/\",\"name\":\"The Hills EN\",\"description\":\"\",\"potentialAction\":[{\"@type\":\"SearchAction\",\"target\":{\"@type\":\"EntryPoint\",\"urlTemplate\":\"https:\\\/\\\/www.thehillsstockholm.se\\\/en\\\/?s={search_term_string}\"},\"query-input\":{\"@type\":\"PropertyValueSpecification\",\"valueRequired\":true,\"valueName\":\"search_term_string\"}}],\"inLanguage\":\"en-US\"}]}<\/script>\n<!-- \/ Yoast SEO plugin. -->","yoast_head_json":{"title":"Our menu - The Hills","description":"The Hills is a Swedish-Parisian bistro where we bring together the best of Swedish and French gastronomy. Welcome!","robots":{"index":"index","follow":"follow","max-snippet":"max-snippet:-1","max-image-preview":"max-image-preview:large","max-video-preview":"max-video-preview:-1"},"canonical":"https:\/\/www.thehillsstockholm.se\/en\/menu\/","og_locale":"en_US","og_type":"article","og_title":"Our menu - The Hills","og_description":"The Hills is a Swedish-Parisian bistro where we bring together the best of Swedish and French gastronomy. Welcome!","og_url":"https:\/\/www.thehillsstockholm.se\/en\/menu\/","og_site_name":"The Hills EN","article_modified_time":"2026-05-16T12:54:59+00:00","og_image":[{"url":"https:\/\/www.thehillsstockholm.se\/en\/wp-content\/uploads\/sites\/4\/2026\/02\/pig-left-1.svg","type":"","width":"","height":""}],"twitter_card":"summary_large_image","twitter_misc":{"Est. reading time":"3 minutes"},"schema":{"@context":"https:\/\/schema.org","@graph":[{"@type":"WebPage","@id":"https:\/\/www.thehillsstockholm.se\/en\/menu\/","url":"https:\/\/www.thehillsstockholm.se\/en\/menu\/","name":"Our menu - The Hills","isPartOf":{"@id":"https:\/\/www.thehillsstockholm.se\/en\/#website"},"primaryImageOfPage":{"@id":"https:\/\/www.thehillsstockholm.se\/en\/menu\/#primaryimage"},"image":{"@id":"https:\/\/www.thehillsstockholm.se\/en\/menu\/#primaryimage"},"thumbnailUrl":"https:\/\/www.thehillsstockholm.se\/en\/wp-content\/uploads\/sites\/4\/2026\/02\/pig-left-1.svg","datePublished":"2024-07-23T14:43:45+00:00","dateModified":"2026-05-16T12:54:59+00:00","description":"The Hills is a Swedish-Parisian bistro where we bring together the best of Swedish and French gastronomy. Welcome!","breadcrumb":{"@id":"https:\/\/www.thehillsstockholm.se\/en\/menu\/#breadcrumb"},"inLanguage":"en-US","potentialAction":[{"@type":"ReadAction","target":["https:\/\/www.thehillsstockholm.se\/en\/menu\/"]}]},{"@type":"ImageObject","inLanguage":"en-US","@id":"https:\/\/www.thehillsstockholm.se\/en\/menu\/#primaryimage","url":"https:\/\/www.thehillsstockholm.se\/en\/wp-content\/uploads\/sites\/4\/2026\/02\/pig-left-1.svg","contentUrl":"https:\/\/www.thehillsstockholm.se\/en\/wp-content\/uploads\/sites\/4\/2026\/02\/pig-left-1.svg","width":95,"height":88},{"@type":"BreadcrumbList","@id":"https:\/\/www.thehillsstockholm.se\/en\/menu\/#breadcrumb","itemListElement":[{"@type":"ListItem","position":1,"name":"Hem","item":"https:\/\/www.thehillsstockholm.se\/en\/"},{"@type":"ListItem","position":2,"name":"Menu"}]},{"@type":"WebSite","@id":"https:\/\/www.thehillsstockholm.se\/en\/#website","url":"https:\/\/www.thehillsstockholm.se\/en\/","name":"The Hills EN","description":"","potentialAction":[{"@type":"SearchAction","target":{"@type":"EntryPoint","urlTemplate":"https:\/\/www.thehillsstockholm.se\/en\/?s={search_term_string}"},"query-input":{"@type":"PropertyValueSpecification","valueRequired":true,"valueName":"search_term_string"}}],"inLanguage":"en-US"}]}},"_links":{"self":[{"href":"https:\/\/www.thehillsstockholm.se\/en\/wp-json\/wp\/v2\/pages\/15285","targetHints":{"allow":["GET"]}}],"collection":[{"href":"https:\/\/www.thehillsstockholm.se\/en\/wp-json\/wp\/v2\/pages"}],"about":[{"href":"https:\/\/www.thehillsstockholm.se\/en\/wp-json\/wp\/v2\/types\/page"}],"author":[{"embeddable":true,"href":"https:\/\/www.thehillsstockholm.se\/en\/wp-json\/wp\/v2\/users\/2"}],"replies":[{"embeddable":true,"href":"https:\/\/www.thehillsstockholm.se\/en\/wp-json\/wp\/v2\/comments?post=15285"}],"version-history":[{"count":6,"href":"https:\/\/www.thehillsstockholm.se\/en\/wp-json\/wp\/v2\/pages\/15285\/revisions"}],"predecessor-version":[{"id":17667,"href":"https:\/\/www.thehillsstockholm.se\/en\/wp-json\/wp\/v2\/pages\/15285\/revisions\/17667"}],"wp:attachment":[{"href":"https:\/\/www.thehillsstockholm.se\/en\/wp-json\/wp\/v2\/media?parent=15285"}],"curies":[{"name":"wp","href":"https:\/\/api.w.org\/{rel}","templated":true}]}}